{"id":371,"date":"2016-12-12T17:19:31","date_gmt":"2016-12-12T16:19:31","guid":{"rendered":"http:\/\/berlin-tagungshotels.com\/de\/?page_id=371"},"modified":"2021-01-19T15:28:50","modified_gmt":"2021-01-19T14:28:50","slug":"general-terms-conditions","status":"publish","type":"page","link":"https:\/\/montreux-seminarhotels.ch\/de\/agb\/","title":{"rendered":"Allgemeine Gesch\u00e4ftsbedingungen"},"content":{"rendered":"<p>Die nachfolgenden Bestimmungen regeln das Verh\u00e4ltnis zwischen dem User (nachfolgend \u00abUser\u00bb) und der  MICE Service (Schweiz) AG   (nachfolgend \u00abMSG\u00bb)\u00a0 f\u00fcr die Plattform montreux-seminarhotels.ch (nachfolgend \u00abPlattform\u00bb)<\/p>\n<ol>\n<li style=\"list-style-type: none;\">\n<ol>\n<li>MSG ist der Betreiber der montreux-seminarhotels.ch.<\/li>\n<li>MSG bieten mit der Plattform montreux-seminarhotels.ch und den dazugeh\u00f6renden Subdomains einen Online-Vermittlungsservice f\u00fcr Angebote im Bereich MICE (Meeting, Incentive, Conferences, Events) an.<\/li>\n<li>Dienstleister z.B. Hotels, Eventlocations, Rahmenprogrammanbieter, oder \u00e4hnlich, nachfolgende \u201eDienstleister\u201c stellen der Plattform Angebote zur Verf\u00fcgung. Die Inhalte und Preise werden von den Dienstleistern erstellt und definiert. Bei jedem Angebot k\u00f6nnen unterschiedliche AGB, Zahlungs- und Stornierungsbedingungen des jeweiligen Dienstleisters gelten.<\/li>\n<li>MSG ist nicht der Anbieter der gelisteten Angebote und angefragten Leistungen und haftet auch nicht f\u00fcr die Erf\u00fcllung der Pflichten, die sich aus den mit den Dienstleistern und Usern geschlossenen Vertr\u00e4ge ergeben. Alle Angaben zu den Dienstleistern, den Leistungen, Preisen und Angeboten stammen vom jeweiligen Dienstleister. MSG ist nicht zur Pr\u00fcfung der Angaben der Dienstleister verpflichtet und haftet gegen\u00fcber einem User auch nicht f\u00fcr die Richtigkeit bzw. Vollst\u00e4ndigkeit. Sollte trotz sorgf\u00e4ltiger Erfassung und \u00dcbermittlung der Daten Seitens MSG fahrl\u00e4ssig ein Fehler unterlaufen sein, so wird die Haftung hierf\u00fcr ausgeschlossen.<\/li>\n<li>Beschreibungen und Abbildungen, die auf der Plattform verwendet werden, dienen zur Illustration eines Angebotes, sind beispielhaft und m\u00fcssen nicht die exakten Gegebenheiten vor Ort widerspiegeln.<\/li>\n<li>Die vom User gebuchten Angebote sind beim jeweils gebuchten Dienstleister zu bezahlen. Es kommen die vom Dienstleister pro Angebot definierten Leistungen, Preise, Zahlungs- und Stornierungsbedingungen zum Tragen.<\/li>\n<li>MSG weist die User ausdr\u00fccklich darauf hin, dass rechtsgesch\u00e4ftliche Beziehungen, wie z.B. Beherbergungs- oder Veranstaltungsvertr\u00e4ge, nicht mit\u00a0 MSG, sondern mit dem ausgew\u00e4hlten Dienstleister zustande kommen. MSG ist nur die elektronischen \u00dcbermittler der Anfragen.<\/li>\n<li>Bis zum Absenden der Buchung k\u00f6nnen in jedem Stadium des Buchungsvorgangs die bisherigen Eingaben eingesehen und ge\u00e4ndert werden. Soll der Buchungsvorgang abgebrochen werden, so kann der Vorgang durch Anklicken des Buttons \u201eAbbrechen\u201c oder durch Schlie\u00dfen des Browsers jederzeit beendet werden. Nach dem Absenden der Buchungsanfrage erhalten Sie eine Zusammenfassung des ausgew\u00e4hlten Angebots, das Ihnen noch final durch den ausgew\u00e4hlten Dienstleister zugestellt wird.<\/li>\n<li>MSG beh\u00e4lt sich vor, diese AGB jederzeit einseitig zu \u00e4ndern, wenn es f\u00fcr notwendig erachtet wird oder, wenn dies aus gesetzlichen Gr\u00fcnden notwendig ist. Die aktuellen AGB werden jeweils auf der Plattform ver\u00f6ffentlicht.<\/li>\n<li>Informationen zum Datenschutz finden Sie\u00a0unter \u00abDatenschutz\u00bb.<\/li>\n<li>Gerne steht Ihnen unser Datenschutzbeauftragter bei Fragen zur Verf\u00fcgung: <u>info@miceservice.ch<\/u> oder per Post an.<br \/>\nMICE Service (Schweiz) AG, Datenschutzbeauftragter, Industriestrasse 47, CH &#8211; 6300 Zug<\/li>\n<li>Salvatorische Klausel<br \/>\nSollten einzelne Bestimmungen nicht rechtswirksam sein oder ihre Rechtswirksamkeit durch einen sp\u00e4teren Umstand verlieren oder sollte sich eine L\u00fccke herausstellen, so wird hierdurch die Rechtswirksamkeit der \u00fcbrigen Bestimmungen nicht ber\u00fchrt. Anstelle der unwirksamen Bestimmungen oder zur Ausf\u00fcllung der L\u00fccke soll eine angemessene Regelung gelten, die, soweit rechtlich m\u00f6glich, dem am n\u00e4chsten kommt, was die Parteien gewollt haben w\u00fcrden, sofern sie den Punkt bedacht h\u00e4tten.<\/li>\n<\/ol>\n<\/li>\n<\/ol>\n<p><\/p>","protected":false},"excerpt":{"rendered":"<p>Die nachfolgenden Bestimmungen regeln das Verh\u00e4ltnis zwischen dem User (nachfolgend \u00abUser\u00bb) und der (nachfolgend \u00abMSG\u00bb)\u00a0 f\u00fcr die Plattform (nachfolgend \u00abPlattform\u00bb) MSG ist der Betreiber der . MSG bieten mit der Plattform und den dazugeh\u00f6renden Subdomains einen Online-Vermittlungsservice f\u00fcr Angebote im Bereich MICE (Meeting, Incentive, Conferences, Events) an. Dienstleister z.B. Hotels, Eventlocations, Rahmenprogrammanbieter, oder \u00e4hnlich, nachfolgende [&hellip;]<\/p>\n","protected":false},"author":1,"featured_media":0,"parent":0,"menu_order":0,"comment_status":"closed","ping_status":"closed","template":"","meta":[],"acf":[],"yoast_head":"<!-- This site is optimized with the Yoast SEO Premium plugin v20.3 (Yoast SEO v20.3) - https:\/\/yoast.com\/wordpress\/plugins\/seo\/ -->\n<title>Allgemeine Gesch\u00e4ftsbedingungen | Montreux: Die Stadt des Jazzfestivals an der Schweizer Riviera<\/title>\n<meta name=\"description\" content=\"Allgemeine Gesch\u00e4ftsbedingungen: Die nachfolgenden Bestimmungen regeln das Verh\u00e4ltnis zwischen dem User und der MICE Service (Schweiz) AG f\u00fcr die Plattform.\" \/>\n<meta name=\"robots\" content=\"index, follow, max-snippet:-1, max-image-preview:large, max-video-preview:-1\" \/>\n<link rel=\"canonical\" href=\"https:\/\/aarau-olten-seminarhotels.ch\/de\/agb\/\" \/>\n<meta property=\"og:locale\" content=\"de_DE\" \/>\n<meta property=\"og:type\" content=\"article\" \/>\n<meta property=\"og:title\" content=\"Allgemeine Gesch\u00e4ftsbedingungen\" \/>\n<meta property=\"og:description\" content=\"Allgemeine Gesch\u00e4ftsbedingungen: Die nachfolgenden Bestimmungen regeln das Verh\u00e4ltnis zwischen dem User und der MICE Service (Schweiz) AG f\u00fcr die Plattform.\" \/>\n<meta property=\"og:url\" content=\"https:\/\/aarau-olten-seminarhotels.ch\/de\/agb\/\" \/>\n<meta property=\"og:site_name\" content=\"montreux-seminarhotels.ch\" \/>\n<meta property=\"article:modified_time\" content=\"2021-01-19T14:28:50+00:00\" \/>\n<meta name=\"twitter:card\" content=\"summary_large_image\" \/>\n<meta name=\"twitter:label1\" content=\"Gesch\u00e4tzte Lesezeit\" \/>\n\t<meta name=\"twitter:data1\" content=\"6 Minuten\" \/>\n<script type=\"application\/ld+json\" class=\"yoast-schema-graph\">{\"@context\":\"https:\/\/schema.org\",\"@graph\":[{\"@type\":\"WebPage\",\"@id\":\"https:\/\/aarau-olten-seminarhotels.ch\/de\/agb\/\",\"url\":\"https:\/\/aarau-olten-seminarhotels.ch\/de\/agb\/\",\"name\":\"Allgemeine Gesch\u00e4ftsbedingungen | montreux-seminarhotels.ch\",\"isPartOf\":{\"@id\":\"https:\/\/berlin-tagungshotels.com\/en\/#website\"},\"datePublished\":\"2016-12-12T16:19:31+00:00\",\"dateModified\":\"2021-01-19T14:28:50+00:00\",\"description\":\"Allgemeine Gesch\u00e4ftsbedingungen: Die nachfolgenden Bestimmungen regeln das Verh\u00e4ltnis zwischen dem User und der MICE Service (Schweiz) AG f\u00fcr die Plattform.\",\"breadcrumb\":{\"@id\":\"https:\/\/aarau-olten-seminarhotels.ch\/de\/agb\/#breadcrumb\"},\"inLanguage\":\"de-DE\",\"potentialAction\":[{\"@type\":\"ReadAction\",\"target\":[\"https:\/\/aarau-olten-seminarhotels.ch\/de\/agb\/\"]}]},{\"@type\":\"BreadcrumbList\",\"@id\":\"https:\/\/aarau-olten-seminarhotels.ch\/de\/agb\/#breadcrumb\",\"itemListElement\":[{\"@type\":\"ListItem\",\"position\":1,\"name\":\"Home\",\"item\":\"https:\/\/berlin-tagungshotels.com\/en\/\"},{\"@type\":\"ListItem\",\"position\":2,\"name\":\"Allgemeine Gesch\u00e4ftsbedingungen\"}]},{\"@type\":\"WebSite\",\"@id\":\"https:\/\/berlin-tagungshotels.com\/en\/#website\",\"url\":\"https:\/\/berlin-tagungshotels.com\/en\/\",\"name\":\"montreux-seminarhotels.ch\",\"description\":\"\",\"potentialAction\":[{\"@type\":\"SearchAction\",\"target\":{\"@type\":\"EntryPoint\",\"urlTemplate\":\"https:\/\/berlin-tagungshotels.com\/en\/?s={search_term_string}\"},\"query-input\":\"required name=search_term_string\"}],\"inLanguage\":\"de-DE\"}]}<\/script>\n<!-- \/ Yoast SEO Premium plugin. -->","yoast_head_json":{"title":"Allgemeine Gesch\u00e4ftsbedingungen | Montreux: Die Stadt des Jazzfestivals an der Schweizer Riviera","description":"Allgemeine Gesch\u00e4ftsbedingungen: Die nachfolgenden Bestimmungen regeln das Verh\u00e4ltnis zwischen dem User und der MICE Service (Schweiz) AG f\u00fcr die Plattform.","robots":{"index":"index","follow":"follow","max-snippet":"max-snippet:-1","max-image-preview":"max-image-preview:large","max-video-preview":"max-video-preview:-1"},"canonical":"https:\/\/aarau-olten-seminarhotels.ch\/de\/agb\/","og_locale":"de_DE","og_type":"article","og_title":"Allgemeine Gesch\u00e4ftsbedingungen","og_description":"Allgemeine Gesch\u00e4ftsbedingungen: Die nachfolgenden Bestimmungen regeln das Verh\u00e4ltnis zwischen dem User und der MICE Service (Schweiz) AG f\u00fcr die Plattform.","og_url":"https:\/\/aarau-olten-seminarhotels.ch\/de\/agb\/","og_site_name":"montreux-seminarhotels.ch","article_modified_time":"2021-01-19T14:28:50+00:00","twitter_card":"summary_large_image","twitter_misc":{"Gesch\u00e4tzte Lesezeit":"6 Minuten"},"schema":{"@context":"https:\/\/schema.org","@graph":[{"@type":"WebPage","@id":"https:\/\/aarau-olten-seminarhotels.ch\/de\/agb\/","url":"https:\/\/aarau-olten-seminarhotels.ch\/de\/agb\/","name":"Allgemeine Gesch\u00e4ftsbedingungen | montreux-seminarhotels.ch","isPartOf":{"@id":"https:\/\/berlin-tagungshotels.com\/en\/#website"},"datePublished":"2016-12-12T16:19:31+00:00","dateModified":"2021-01-19T14:28:50+00:00","description":"Allgemeine Gesch\u00e4ftsbedingungen: Die nachfolgenden Bestimmungen regeln das Verh\u00e4ltnis zwischen dem User und der MICE Service (Schweiz) AG f\u00fcr die Plattform.","breadcrumb":{"@id":"https:\/\/aarau-olten-seminarhotels.ch\/de\/agb\/#breadcrumb"},"inLanguage":"de-DE","potentialAction":[{"@type":"ReadAction","target":["https:\/\/aarau-olten-seminarhotels.ch\/de\/agb\/"]}]},{"@type":"BreadcrumbList","@id":"https:\/\/aarau-olten-seminarhotels.ch\/de\/agb\/#breadcrumb","itemListElement":[{"@type":"ListItem","position":1,"name":"Home","item":"https:\/\/berlin-tagungshotels.com\/en\/"},{"@type":"ListItem","position":2,"name":"Allgemeine Gesch\u00e4ftsbedingungen"}]},{"@type":"WebSite","@id":"https:\/\/berlin-tagungshotels.com\/en\/#website","url":"https:\/\/berlin-tagungshotels.com\/en\/","name":"montreux-seminarhotels.ch","description":"","potentialAction":[{"@type":"SearchAction","target":{"@type":"EntryPoint","urlTemplate":"https:\/\/berlin-tagungshotels.com\/en\/?s={search_term_string}"},"query-input":"required name=search_term_string"}],"inLanguage":"de-DE"}]}},"_links":{"self":[{"href":"https:\/\/montreux-seminarhotels.ch\/de\/wp-json\/wp\/v2\/pages\/371"}],"collection":[{"href":"https:\/\/montreux-seminarhotels.ch\/de\/wp-json\/wp\/v2\/pages"}],"about":[{"href":"https:\/\/montreux-seminarhotels.ch\/de\/wp-json\/wp\/v2\/types\/page"}],"author":[{"embeddable":true,"href":"https:\/\/montreux-seminarhotels.ch\/de\/wp-json\/wp\/v2\/users\/1"}],"replies":[{"embeddable":true,"href":"https:\/\/montreux-seminarhotels.ch\/de\/wp-json\/wp\/v2\/comments?post=371"}],"version-history":[{"count":5,"href":"https:\/\/montreux-seminarhotels.ch\/de\/wp-json\/wp\/v2\/pages\/371\/revisions"}],"predecessor-version":[{"id":898696,"href":"https:\/\/montreux-seminarhotels.ch\/de\/wp-json\/wp\/v2\/pages\/371\/revisions\/898696"}],"wp:attachment":[{"href":"https:\/\/montreux-seminarhotels.ch\/de\/wp-json\/wp\/v2\/media?parent=371"}],"curies":[{"name":"wp","href":"https:\/\/api.w.org\/{rel}","templated":true}]}}